{"id":10697,"date":"2025-01-03T10:56:12","date_gmt":"2025-01-03T10:56:12","guid":{"rendered":"https:\/\/adrianchantres.info\/contact\/"},"modified":"2025-01-09T11:16:21","modified_gmt":"2025-01-09T11:16:21","slug":"contact","status":"publish","type":"page","link":"https:\/\/adrianchantres.info\/en\/contact\/","title":{"rendered":"Contact"},"content":{"rendered":"\t\t<div data-elementor-type=\"wp-post\" data-elementor-id=\"10697\" class=\"elementor elementor-10697 elementor-25\" data-elementor-post-type=\"page\">\n\t\t\t\t<div class=\"elementor-element elementor-element-296b94c e-flex e-con-boxed elementor-invisible e-con e-parent\" data-id=\"296b94c\" data-element_type=\"container\" data-e-type=\"container\" data-settings=\"{&quot;background_background&quot;:&quot;classic&quot;,&quot;animation&quot;:&quot;fadeIn&quot;}\">\n\t\t\t\t\t<div class=\"e-con-inner\">\n\t\t<div class=\"elementor-element elementor-element-6c80bf4 e-con-full e-flex e-con e-child\" data-id=\"6c80bf4\" data-element_type=\"container\" data-e-type=\"container\">\n\t\t\t\t<div class=\"elementor-element elementor-element-8aa6359 elementor-widget elementor-widget-heading\" data-id=\"8aa6359\" data-element_type=\"widget\" data-e-type=\"widget\" data-widget_type=\"heading.default\">\n\t\t\t\t<div class=\"elementor-widget-container\">\n\t\t\t\t\t<h1 class=\"elementor-heading-title elementor-size-default\">Contact us at<\/h1>\t\t\t\t<\/div>\n\t\t\t\t<\/div>\n\t\t\t\t<\/div>\n\t\t\t\t\t<\/div>\n\t\t\t\t<\/div>\n\t\t<div class=\"elementor-element elementor-element-2f83913 e-flex e-con-boxed e-con e-parent\" data-id=\"2f83913\" data-element_type=\"container\" data-e-type=\"container\" data-settings=\"{&quot;background_background&quot;:&quot;gradient&quot;}\">\n\t\t\t\t\t<div class=\"e-con-inner\">\n\t\t<div class=\"elementor-element elementor-element-75e6114 e-con-full e-flex e-con e-child\" data-id=\"75e6114\" data-element_type=\"container\" data-e-type=\"container\">\n\t\t\t\t<div class=\"elementor-element elementor-element-f9eab34 elementor-widget elementor-widget-heading\" data-id=\"f9eab34\" data-element_type=\"widget\" data-e-type=\"widget\" data-widget_type=\"heading.default\">\n\t\t\t\t<div class=\"elementor-widget-container\">\n\t\t\t\t\t<h3 class=\"elementor-heading-title elementor-size-default\">Free Consultation<\/h3>\t\t\t\t<\/div>\n\t\t\t\t<\/div>\n\t\t<div class=\"elementor-element elementor-element-5d040fa e-con-full e-flex e-con e-child\" data-id=\"5d040fa\" data-element_type=\"container\" data-e-type=\"container\">\n\t\t<div class=\"elementor-element elementor-element-7b893bb e-con-full e-flex e-con e-child\" data-id=\"7b893bb\" data-element_type=\"container\" data-e-type=\"container\" data-settings=\"{&quot;background_background&quot;:&quot;classic&quot;}\">\n\t\t\t\t<div class=\"elementor-element elementor-element-fc32efb elementor-widget elementor-widget-shortcode\" data-id=\"fc32efb\" data-element_type=\"widget\" data-e-type=\"widget\" data-widget_type=\"shortcode.default\">\n\t\t\t\t<div class=\"elementor-widget-container\">\n\t\t\t\t\t\t\t<div class=\"elementor-shortcode\"><div class=\"wpforms-container \" id=\"wpforms-10489\"><form id=\"wpforms-form-10489\" class=\"wpforms-validate wpforms-form\" data-formid=\"10489\" method=\"post\" enctype=\"multipart\/form-data\" action=\"\/en\/wp-json\/wp\/v2\/pages\/10697\" data-token=\"5d54f1d69e81955d73ed099bc5938c34\" data-token-time=\"1776347198\"><noscript class=\"wpforms-error-noscript\">Please enable JavaScript in your browser to complete this form.<\/noscript><div class=\"wpforms-field-container\"><div id=\"wpforms-10489-field_0-container\" class=\"wpforms-field wpforms-field-name\" data-field-id=\"0\"><label class=\"wpforms-field-label wpforms-label-hide\" for=\"wpforms-10489-field_0\">Nombre <span class=\"wpforms-required-label\">*<\/span><\/label><input type=\"text\" id=\"wpforms-10489-field_0\" class=\"wpforms-field-large wpforms-field-required\" name=\"wpforms[fields][0]\" placeholder=\"Tu nombre*\" required><\/div><div id=\"wpforms-10489-field_1-container\" class=\"wpforms-field wpforms-field-email\" data-field-id=\"1\"><label class=\"wpforms-field-label wpforms-label-hide\" for=\"wpforms-10489-field_1\">Email <span class=\"wpforms-required-label\">*<\/span><\/label><input type=\"email\" id=\"wpforms-10489-field_1\" class=\"wpforms-field-large wpforms-field-required\" name=\"wpforms[fields][1]\" placeholder=\"Tu email*\" spellcheck=\"false\" required><\/div><div id=\"wpforms-10489-field_2-container\" class=\"wpforms-field wpforms-field-textarea\" data-field-id=\"2\"><label class=\"wpforms-field-label wpforms-label-hide\" for=\"wpforms-10489-field_2\">Mensaje <span class=\"wpforms-required-label\">*<\/span><\/label><textarea id=\"wpforms-10489-field_2\" class=\"wpforms-field-medium wpforms-field-required\" name=\"wpforms[fields][2]\" placeholder=\"Tu mensaje*\" required><\/textarea><\/div><\/div><!-- .wpforms-field-container --><div class=\"wpforms-field wpforms-field-hp\"><label for=\"wpforms-10489-field-hp\" class=\"wpforms-field-label\">Name<\/label><input type=\"text\" name=\"wpforms[hp]\" id=\"wpforms-10489-field-hp\" class=\"wpforms-field-medium\"><\/div><div class=\"wpforms-submit-container\" ><input type=\"hidden\" name=\"wpforms[id]\" value=\"10489\"><input type=\"hidden\" name=\"page_title\" value=\"\"><input type=\"hidden\" name=\"page_url\" value=\"https:\/\/adrianchantres.info\/en\/wp-json\/wp\/v2\/pages\/10697\"><input type=\"hidden\" name=\"url_referer\" value=\"\"><button type=\"submit\" name=\"wpforms[submit]\" id=\"wpforms-submit-10489\" class=\"wpforms-submit\" data-alt-text=\"Enviando...\" data-submit-text=\"Enviar\" aria-live=\"assertive\" value=\"wpforms-submit\">Enviar<\/button><\/div><\/form><\/div>  <!-- .wpforms-container -->\t<\/div>\n\t\t\t\t\t\t<\/div>\n\t\t\t\t<\/div>\n\t\t\t\t<\/div>\n\t\t<div class=\"elementor-element elementor-element-43aa6d8 e-con-full e-flex e-con e-child\" data-id=\"43aa6d8\" data-element_type=\"container\" data-e-type=\"container\">\n\t\t\t\t<div class=\"elementor-element elementor-element-e4b55ab elementor-widget elementor-widget-google_maps\" data-id=\"e4b55ab\" data-element_type=\"widget\" data-e-type=\"widget\" data-widget_type=\"google_maps.default\">\n\t\t\t\t<div class=\"elementor-widget-container\">\n\t\t\t\t\t\t\t<div class=\"elementor-custom-embed\">\n\t\t\t<iframe\n\t\t\t\t\tdata-src=\"https:\/\/maps.google.com\/maps?q=Madrid&#038;t=m&#038;z=14&#038;output=embed&#038;iwloc=near\"\n\t\t\t\t\ttitle=\"Madrid\"\n\t\t\t\t\taria-label=\"Madrid\"\n\t\t\t src=\"data:image\/svg+xml;base64,PHN2ZyB3aWR0aD0iMSIgaGVpZ2h0PSIxIiB4bWxucz0iaHR0cDovL3d3dy53My5vcmcvMjAwMC9zdmciPjwvc3ZnPg==\" class=\"lazyload\" data-load-mode=\"1\"><\/iframe>\n\t\t<\/div>\n\t\t\t\t\t\t<\/div>\n\t\t\t\t<\/div>\n\t\t\t\t<\/div>\n\t\t\t\t<\/div>\n\t\t\t\t<\/div>\n\t\t<div class=\"elementor-element elementor-element-cf9fd0d e-con-full e-flex e-con e-child\" data-id=\"cf9fd0d\" data-element_type=\"container\" data-e-type=\"container\">\n\t\t\t\t<div class=\"elementor-element elementor-element-7fbf26a elementor-widget elementor-widget-heading\" data-id=\"7fbf26a\" data-element_type=\"widget\" data-e-type=\"widget\" data-widget_type=\"heading.default\">\n\t\t\t\t<div class=\"elementor-widget-container\">\n\t\t\t\t\t<h3 class=\"elementor-heading-title elementor-size-default\">Contact Information<\/h3>\t\t\t\t<\/div>\n\t\t\t\t<\/div>\n\t\t\t\t<div class=\"elementor-element elementor-element-6a03473 elementor-align-start elementor-icon-list--layout-traditional elementor-list-item-link-full_width elementor-widget elementor-widget-icon-list\" data-id=\"6a03473\" data-element_type=\"widget\" data-e-type=\"widget\" data-widget_type=\"icon-list.default\">\n\t\t\t\t<div class=\"elementor-widget-container\">\n\t\t\t\t\t\t\t<ul class=\"elementor-icon-list-items\">\n\t\t\t\t\t\t\t<li class=\"elementor-icon-list-item\">\n\t\t\t\t\t\t\t\t\t\t\t<span class=\"elementor-icon-list-icon\">\n\t\t\t\t\t\t\t<svg aria-hidden=\"true\" class=\"e-font-icon-svg e-fas-envelope\" viewBox=\"0 0 512 512\" xmlns=\"http:\/\/www.w3.org\/2000\/svg\"><path d=\"M502.3 190.8c3.9-3.1 9.7-.2 9.7 4.7V400c0 26.5-21.5 48-48 48H48c-26.5 0-48-21.5-48-48V195.6c0-5 5.7-7.8 9.7-4.7 22.4 17.4 52.1 39.5 154.1 113.6 21.1 15.4 56.7 47.8 92.2 47.6 35.7.3 72-32.8 92.3-47.6 102-74.1 131.6-96.3 154-113.7zM256 320c23.2.4 56.6-29.2 73.4-41.4 132.7-96.3 142.8-104.7 173.4-128.7 5.8-4.5 9.2-11.5 9.2-18.9v-19c0-26.5-21.5-48-48-48H48C21.5 64 0 85.5 0 112v19c0 7.4 3.4 14.3 9.2 18.9 30.6 23.9 40.7 32.4 173.4 128.7 16.8 12.2 50.2 41.8 73.4 41.4z\"><\/path><\/svg>\t\t\t\t\t\t<\/span>\n\t\t\t\t\t\t\t\t\t\t<span class=\"elementor-icon-list-text\">contacto@example.com<\/span>\n\t\t\t\t\t\t\t\t\t<\/li>\n\t\t\t\t\t\t\t\t<li class=\"elementor-icon-list-item\">\n\t\t\t\t\t\t\t\t\t\t\t<span class=\"elementor-icon-list-icon\">\n\t\t\t\t\t\t\t<svg aria-hidden=\"true\" class=\"e-font-icon-svg e-fas-phone-volume\" viewBox=\"0 0 384 512\" xmlns=\"http:\/\/www.w3.org\/2000\/svg\"><path d=\"M97.333 506.966c-129.874-129.874-129.681-340.252 0-469.933 5.698-5.698 14.527-6.632 21.263-2.422l64.817 40.513a17.187 17.187 0 0 1 6.849 20.958l-32.408 81.021a17.188 17.188 0 0 1-17.669 10.719l-55.81-5.58c-21.051 58.261-20.612 122.471 0 179.515l55.811-5.581a17.188 17.188 0 0 1 17.669 10.719l32.408 81.022a17.188 17.188 0 0 1-6.849 20.958l-64.817 40.513a17.19 17.19 0 0 1-21.264-2.422zM247.126 95.473c11.832 20.047 11.832 45.008 0 65.055-3.95 6.693-13.108 7.959-18.718 2.581l-5.975-5.726c-3.911-3.748-4.793-9.622-2.261-14.41a32.063 32.063 0 0 0 0-29.945c-2.533-4.788-1.65-10.662 2.261-14.41l5.975-5.726c5.61-5.378 14.768-4.112 18.718 2.581zm91.787-91.187c60.14 71.604 60.092 175.882 0 247.428-4.474 5.327-12.53 5.746-17.552.933l-5.798-5.557c-4.56-4.371-4.977-11.529-.93-16.379 49.687-59.538 49.646-145.933 0-205.422-4.047-4.85-3.631-12.008.93-16.379l5.798-5.557c5.022-4.813 13.078-4.394 17.552.933zm-45.972 44.941c36.05 46.322 36.108 111.149 0 157.546-4.39 5.641-12.697 6.251-17.856 1.304l-5.818-5.579c-4.4-4.219-4.998-11.095-1.285-15.931 26.536-34.564 26.534-82.572 0-117.134-3.713-4.836-3.115-11.711 1.285-15.931l5.818-5.579c5.159-4.947 13.466-4.337 17.856 1.304z\"><\/path><\/svg>\t\t\t\t\t\t<\/span>\n\t\t\t\t\t\t\t\t\t\t<span class=\"elementor-icon-list-text\">+34 629 039 652<\/span>\n\t\t\t\t\t\t\t\t\t<\/li>\n\t\t\t\t\t\t<\/ul>\n\t\t\t\t\t\t<\/div>\n\t\t\t\t<\/div>\n\t\t\t\t<div class=\"elementor-element elementor-element-8b0870f elementor-widget elementor-widget-heading\" data-id=\"8b0870f\" data-element_type=\"widget\" data-e-type=\"widget\" data-widget_type=\"heading.default\">\n\t\t\t\t<div class=\"elementor-widget-container\">\n\t\t\t\t\t<h6 class=\"elementor-heading-title elementor-size-default\">Call us Toll Free<\/h6>\t\t\t\t<\/div>\n\t\t\t\t<\/div>\n\t\t\t\t<div class=\"elementor-element elementor-element-ae2f4d5 elementor-widget elementor-widget-heading\" data-id=\"ae2f4d5\" data-element_type=\"widget\" data-e-type=\"widget\" data-widget_type=\"heading.default\">\n\t\t\t\t<div class=\"elementor-widget-container\">\n\t\t\t\t\t<h3 class=\"elementor-heading-title elementor-size-default\"><a href=\"#\">+34 629 039 652<\/a><\/h3>\t\t\t\t<\/div>\n\t\t\t\t<\/div>\n\t\t\t\t<\/div>\n\t\t\t\t\t<\/div>\n\t\t\t\t<\/div>\n\t\t<div class=\"elementor-element elementor-element-ace5f27 e-flex e-con-boxed e-con e-parent\" data-id=\"ace5f27\" data-element_type=\"container\" data-e-type=\"container\" data-settings=\"{&quot;background_background&quot;:&quot;classic&quot;}\">\n\t\t\t\t\t<div class=\"e-con-inner\">\n\t\t\t\t<div class=\"elementor-element elementor-element-6666d53 elementor-widget elementor-widget-image\" data-id=\"6666d53\" data-element_type=\"widget\" data-e-type=\"widget\" data-widget_type=\"image.default\">\n\t\t\t\t<div class=\"elementor-widget-container\">\n\t\t\t\t\t\t\t\t\t\t\t\t\t\t\t<img fetchpriority=\"high\" decoding=\"async\" width=\"919\" height=\"114\" src=\"https:\/\/adrianchantres.info\/wp-content\/uploads\/2025\/01\/KitDigital-removebg-preview.png\" class=\"attachment-large size-large wp-image-10726\" alt=\"KitDigital\" srcset=\"https:\/\/adrianchantres.info\/wp-content\/uploads\/2025\/01\/KitDigital-removebg-preview.png 919w, https:\/\/adrianchantres.info\/wp-content\/uploads\/2025\/01\/KitDigital-removebg-preview-300x37.png 300w, https:\/\/adrianchantres.info\/wp-content\/uploads\/2025\/01\/KitDigital-removebg-preview-768x95.png 768w\" sizes=\"(max-width: 919px) 100vw, 919px\" \/>\t\t\t\t\t\t\t\t\t\t\t\t\t\t\t<\/div>\n\t\t\t\t<\/div>\n\t\t\t\t\t<\/div>\n\t\t\t\t<\/div>\n\t\t\t\t<\/div>\n\t\t","protected":false},"excerpt":{"rendered":"<p>Contact us at Free Consultation Contact Information contacto@example.com +34 629 039 652 Call us Toll Free +34 629 039 652<\/p>\n","protected":false},"author":1,"featured_media":0,"parent":0,"menu_order":0,"comment_status":"closed","ping_status":"closed","template":"","meta":{"site-sidebar-layout":"no-sidebar","site-content-layout":"page-builder","ast-site-content-layout":"default","site-content-style":"default","site-sidebar-style":"default","ast-global-header-display":"","ast-banner-title-visibility":"","ast-main-header-display":"","ast-hfb-above-header-display":"","ast-hfb-below-header-display":"","ast-hfb-mobile-header-display":"","site-post-title":"disabled","ast-breadcrumbs-content":"","ast-featured-img":"disabled","footer-sml-layout":"","ast-disable-related-posts":"","theme-transparent-header-meta":"enabled","adv-header-id-meta":"","stick-header-meta":"","header-above-stick-meta":"","header-main-stick-meta":"","header-below-stick-meta":"","astra-migrate-meta-layouts":"default","ast-page-background-enabled":"default","ast-page-background-meta":{"desktop":{"background-color":"","background-image":"","background-repeat":"repeat","background-position":"center center","background-size":"auto","background-attachment":"scroll","background-type":"","background-media":"","overlay-type":"","overlay-color":"","overlay-opacity":"","overlay-gradient":""},"tablet":{"background-color":"","background-image":"","background-repeat":"repeat","background-position":"center center","background-size":"auto","background-attachment":"scroll","background-type":"","background-media":"","overlay-type":"","overlay-color":"","overlay-opacity":"","overlay-gradient":""},"mobile":{"background-color":"","background-image":"","background-repeat":"repeat","background-position":"center center","background-size":"auto","background-attachment":"scroll","background-type":"","background-media":"","overlay-type":"","overlay-color":"","overlay-opacity":"","overlay-gradient":""}},"ast-content-background-meta":{"desktop":{"background-color":"var(--ast-global-color-5)","background-image":"","background-repeat":"repeat","background-position":"center center","background-size":"auto","background-attachment":"scroll","background-type":"","background-media":"","overlay-type":"","overlay-color":"","overlay-opacity":"","overlay-gradient":""},"tablet":{"background-color":"var(--ast-global-color-5)","background-image":"","background-repeat":"repeat","background-position":"center center","background-size":"auto","background-attachment":"scroll","background-type":"","background-media":"","overlay-type":"","overlay-color":"","overlay-opacity":"","overlay-gradient":""},"mobile":{"background-color":"var(--ast-global-color-5)","background-image":"","background-repeat":"repeat","background-position":"center center","background-size":"auto","background-attachment":"scroll","background-type":"","background-media":"","overlay-type":"","overlay-color":"","overlay-opacity":"","overlay-gradient":""}},"footnotes":""},"class_list":["post-10697","page","type-page","status-publish","hentry"],"yoast_head":"<!-- This site is optimized with the Yoast SEO plugin v27.4 - https:\/\/yoast.com\/product\/yoast-seo-wordpress\/ -->\n<title>Contact - Consultor\u00eda Adri\u00e1n Rodr\u00edguez<\/title>\n<meta name=\"robots\" content=\"index, follow, max-snippet:-1, max-image-preview:large, max-video-preview:-1\" \/>\n<link rel=\"canonical\" href=\"https:\/\/adrianchantres.info\/contacto\/\" \/>\n<meta property=\"og:locale\" content=\"en_US\" \/>\n<meta property=\"og:type\" content=\"article\" \/>\n<meta property=\"og:title\" content=\"Contact - Consultor\u00eda Adri\u00e1n Rodr\u00edguez\" \/>\n<meta property=\"og:description\" content=\"Contact us at Free Consultation Contact Information contacto@example.com +34 629 039 652 Call us Toll Free +34 629 039 652\" \/>\n<meta property=\"og:url\" content=\"https:\/\/adrianchantres.info\/contacto\/\" \/>\n<meta property=\"og:site_name\" content=\"Consultor\u00eda Adri\u00e1n Rodr\u00edguez\" \/>\n<meta property=\"article:modified_time\" content=\"2025-01-09T11:16:21+00:00\" \/>\n<meta property=\"og:image\" content=\"https:\/\/adrianchantres.info\/wp-content\/uploads\/2025\/01\/KitDigital-removebg-preview.png\" \/>\n\t<meta property=\"og:image:width\" content=\"919\" \/>\n\t<meta property=\"og:image:height\" content=\"114\" \/>\n\t<meta property=\"og:image:type\" content=\"image\/png\" \/>\n<meta name=\"twitter:card\" content=\"summary_large_image\" \/>\n<script type=\"application\/ld+json\" class=\"yoast-schema-graph\">{\"@context\":\"https:\\\/\\\/schema.org\",\"@graph\":[{\"@type\":\"WebPage\",\"@id\":\"https:\\\/\\\/adrianchantres.info\\\/contacto\\\/\",\"url\":\"https:\\\/\\\/adrianchantres.info\\\/contacto\\\/\",\"name\":\"Contact - Consultor\u00eda Adri\u00e1n Rodr\u00edguez\",\"isPartOf\":{\"@id\":\"https:\\\/\\\/adrianchantres.info\\\/#website\"},\"primaryImageOfPage\":{\"@id\":\"https:\\\/\\\/adrianchantres.info\\\/contacto\\\/#primaryimage\"},\"image\":{\"@id\":\"https:\\\/\\\/adrianchantres.info\\\/contacto\\\/#primaryimage\"},\"thumbnailUrl\":\"https:\\\/\\\/adrianchantres.info\\\/wp-content\\\/uploads\\\/2025\\\/01\\\/KitDigital-removebg-preview.png\",\"datePublished\":\"2025-01-03T10:56:12+00:00\",\"dateModified\":\"2025-01-09T11:16:21+00:00\",\"breadcrumb\":{\"@id\":\"https:\\\/\\\/adrianchantres.info\\\/contacto\\\/#breadcrumb\"},\"inLanguage\":\"en-US\",\"potentialAction\":[{\"@type\":\"ReadAction\",\"target\":[\"https:\\\/\\\/adrianchantres.info\\\/contacto\\\/\"]}]},{\"@type\":\"ImageObject\",\"inLanguage\":\"en-US\",\"@id\":\"https:\\\/\\\/adrianchantres.info\\\/contacto\\\/#primaryimage\",\"url\":\"https:\\\/\\\/adrianchantres.info\\\/wp-content\\\/uploads\\\/2025\\\/01\\\/KitDigital-removebg-preview.png\",\"contentUrl\":\"https:\\\/\\\/adrianchantres.info\\\/wp-content\\\/uploads\\\/2025\\\/01\\\/KitDigital-removebg-preview.png\"},{\"@type\":\"BreadcrumbList\",\"@id\":\"https:\\\/\\\/adrianchantres.info\\\/contacto\\\/#breadcrumb\",\"itemListElement\":[{\"@type\":\"ListItem\",\"position\":1,\"name\":\"Portada\",\"item\":\"https:\\\/\\\/adrianchantres.info\\\/\"},{\"@type\":\"ListItem\",\"position\":2,\"name\":\"Contact\"}]},{\"@type\":\"WebSite\",\"@id\":\"https:\\\/\\\/adrianchantres.info\\\/#website\",\"url\":\"https:\\\/\\\/adrianchantres.info\\\/\",\"name\":\"Consultor\u00eda Adri\u00e1n Rodr\u00edguez\",\"description\":\"\",\"publisher\":{\"@id\":\"https:\\\/\\\/adrianchantres.info\\\/#organization\"},\"potentialAction\":[{\"@type\":\"SearchAction\",\"target\":{\"@type\":\"EntryPoint\",\"urlTemplate\":\"https:\\\/\\\/adrianchantres.info\\\/?s={search_term_string}\"},\"query-input\":{\"@type\":\"PropertyValueSpecification\",\"valueRequired\":true,\"valueName\":\"search_term_string\"}}],\"inLanguage\":\"en-US\"},{\"@type\":\"Organization\",\"@id\":\"https:\\\/\\\/adrianchantres.info\\\/#organization\",\"name\":\"Consultor\u00eda Adri\u00e1n Rodr\u00edguez\",\"url\":\"https:\\\/\\\/adrianchantres.info\\\/\",\"logo\":{\"@type\":\"ImageObject\",\"inLanguage\":\"en-US\",\"@id\":\"https:\\\/\\\/adrianchantres.info\\\/#\\\/schema\\\/logo\\\/image\\\/\",\"url\":\"https:\\\/\\\/adrianchantres.info\\\/wp-content\\\/uploads\\\/2025\\\/01\\\/pixelcut-export-10.png\",\"contentUrl\":\"https:\\\/\\\/adrianchantres.info\\\/wp-content\\\/uploads\\\/2025\\\/01\\\/pixelcut-export-10.png\",\"width\":548,\"height\":318,\"caption\":\"Consultor\u00eda Adri\u00e1n Rodr\u00edguez\"},\"image\":{\"@id\":\"https:\\\/\\\/adrianchantres.info\\\/#\\\/schema\\\/logo\\\/image\\\/\"}}]}<\/script>\n<!-- \/ Yoast SEO plugin. -->","yoast_head_json":{"title":"Contact - Consultor\u00eda Adri\u00e1n Rodr\u00edguez","robots":{"index":"index","follow":"follow","max-snippet":"max-snippet:-1","max-image-preview":"max-image-preview:large","max-video-preview":"max-video-preview:-1"},"canonical":"https:\/\/adrianchantres.info\/contacto\/","og_locale":"en_US","og_type":"article","og_title":"Contact - Consultor\u00eda Adri\u00e1n Rodr\u00edguez","og_description":"Contact us at Free Consultation Contact Information contacto@example.com +34 629 039 652 Call us Toll Free +34 629 039 652","og_url":"https:\/\/adrianchantres.info\/contacto\/","og_site_name":"Consultor\u00eda Adri\u00e1n Rodr\u00edguez","article_modified_time":"2025-01-09T11:16:21+00:00","og_image":[{"width":919,"height":114,"url":"https:\/\/adrianchantres.info\/wp-content\/uploads\/2025\/01\/KitDigital-removebg-preview.png","type":"image\/png"}],"twitter_card":"summary_large_image","schema":{"@context":"https:\/\/schema.org","@graph":[{"@type":"WebPage","@id":"https:\/\/adrianchantres.info\/contacto\/","url":"https:\/\/adrianchantres.info\/contacto\/","name":"Contact - Consultor\u00eda Adri\u00e1n Rodr\u00edguez","isPartOf":{"@id":"https:\/\/adrianchantres.info\/#website"},"primaryImageOfPage":{"@id":"https:\/\/adrianchantres.info\/contacto\/#primaryimage"},"image":{"@id":"https:\/\/adrianchantres.info\/contacto\/#primaryimage"},"thumbnailUrl":"https:\/\/adrianchantres.info\/wp-content\/uploads\/2025\/01\/KitDigital-removebg-preview.png","datePublished":"2025-01-03T10:56:12+00:00","dateModified":"2025-01-09T11:16:21+00:00","breadcrumb":{"@id":"https:\/\/adrianchantres.info\/contacto\/#breadcrumb"},"inLanguage":"en-US","potentialAction":[{"@type":"ReadAction","target":["https:\/\/adrianchantres.info\/contacto\/"]}]},{"@type":"ImageObject","inLanguage":"en-US","@id":"https:\/\/adrianchantres.info\/contacto\/#primaryimage","url":"https:\/\/adrianchantres.info\/wp-content\/uploads\/2025\/01\/KitDigital-removebg-preview.png","contentUrl":"https:\/\/adrianchantres.info\/wp-content\/uploads\/2025\/01\/KitDigital-removebg-preview.png"},{"@type":"BreadcrumbList","@id":"https:\/\/adrianchantres.info\/contacto\/#breadcrumb","itemListElement":[{"@type":"ListItem","position":1,"name":"Portada","item":"https:\/\/adrianchantres.info\/"},{"@type":"ListItem","position":2,"name":"Contact"}]},{"@type":"WebSite","@id":"https:\/\/adrianchantres.info\/#website","url":"https:\/\/adrianchantres.info\/","name":"Consultor\u00eda Adri\u00e1n Rodr\u00edguez","description":"","publisher":{"@id":"https:\/\/adrianchantres.info\/#organization"},"potentialAction":[{"@type":"SearchAction","target":{"@type":"EntryPoint","urlTemplate":"https:\/\/adrianchantres.info\/?s={search_term_string}"},"query-input":{"@type":"PropertyValueSpecification","valueRequired":true,"valueName":"search_term_string"}}],"inLanguage":"en-US"},{"@type":"Organization","@id":"https:\/\/adrianchantres.info\/#organization","name":"Consultor\u00eda Adri\u00e1n Rodr\u00edguez","url":"https:\/\/adrianchantres.info\/","logo":{"@type":"ImageObject","inLanguage":"en-US","@id":"https:\/\/adrianchantres.info\/#\/schema\/logo\/image\/","url":"https:\/\/adrianchantres.info\/wp-content\/uploads\/2025\/01\/pixelcut-export-10.png","contentUrl":"https:\/\/adrianchantres.info\/wp-content\/uploads\/2025\/01\/pixelcut-export-10.png","width":548,"height":318,"caption":"Consultor\u00eda Adri\u00e1n Rodr\u00edguez"},"image":{"@id":"https:\/\/adrianchantres.info\/#\/schema\/logo\/image\/"}}]}},"_links":{"self":[{"href":"https:\/\/adrianchantres.info\/en\/wp-json\/wp\/v2\/pages\/10697","targetHints":{"allow":["GET"]}}],"collection":[{"href":"https:\/\/adrianchantres.info\/en\/wp-json\/wp\/v2\/pages"}],"about":[{"href":"https:\/\/adrianchantres.info\/en\/wp-json\/wp\/v2\/types\/page"}],"author":[{"embeddable":true,"href":"https:\/\/adrianchantres.info\/en\/wp-json\/wp\/v2\/users\/1"}],"replies":[{"embeddable":true,"href":"https:\/\/adrianchantres.info\/en\/wp-json\/wp\/v2\/comments?post=10697"}],"version-history":[{"count":2,"href":"https:\/\/adrianchantres.info\/en\/wp-json\/wp\/v2\/pages\/10697\/revisions"}],"predecessor-version":[{"id":10746,"href":"https:\/\/adrianchantres.info\/en\/wp-json\/wp\/v2\/pages\/10697\/revisions\/10746"}],"wp:attachment":[{"href":"https:\/\/adrianchantres.info\/en\/wp-json\/wp\/v2\/media?parent=10697"}],"curies":[{"name":"wp","href":"https:\/\/api.w.org\/{rel}","templated":true}]}}